{"id":323,"date":"2025-10-22T17:25:25","date_gmt":"2025-10-22T14:25:25","guid":{"rendered":"https:\/\/www.mesalas.com.tr\/urunler\/"},"modified":"2026-03-23T12:41:34","modified_gmt":"2026-03-23T09:41:34","slug":"products","status":"publish","type":"page","link":"https:\/\/www.mesalas.com.tr\/en\/products\/","title":{"rendered":"Products"},"content":{"rendered":"<div class=\"wpb-content-wrapper\"><p>[vc_section][vc_row][vc_column]\n\t\t\t\t<p class=\"rs-p-wp-fix\"><\/p>\n\t\t\t\t<sr7-module data-alias=\"anasayfa\" data-id=\"1\" id=\"SR7_1_1\" class=\"rs-ov-hidden\" data-version=\"6.7.37\">\n\t\t\t\t\t<sr7-adjuster><\/sr7-adjuster>\n\t\t\t\t\t<sr7-content>\n\t\t\t\t\t\t<sr7-slide id=\"SR7_1_1-7\" data-key=\"7\">\n\t\t\t\t\t\t<\/sr7-slide>\n\t\t\t\t\t\t<sr7-slide id=\"SR7_1_1-1\" data-key=\"1\">\n\t\t\t\t\t\t\t<a id=\"SR7_1_1-1-0\" class=\"sr7-layer\" href=\"\/urun\/zirai-arac-lastigi\/\" target=\"_self\">KE\u015eFET<\/a>\n\t\t\t\t\t\t\t<sr7-txt id=\"SR7_1_1-1-1\" class=\"sr7-layer\">Z\u0130ra\u0130 ara\u00e7 Last\u0130kler\u0130m\u0130z\u0130<\/sr7-txt>\n\t\t\t\t\t\t<\/sr7-slide>\n\t\t\t\t\t\t<sr7-slide id=\"SR7_1_1-3\" data-key=\"3\">\n\t\t\t\t\t\t\t<sr7-txt id=\"SR7_1_1-3-1\" class=\"sr7-layer\">FORKL\u0130FT Last\u0130kler\u0130m\u0130z\u0130<\/sr7-txt>\n\t\t\t\t\t\t\t<a id=\"SR7_1_1-3-4\" class=\"sr7-layer\" href=\"\/urun\/forklift-lastigi\/\" target=\"_self\">KE\u015eFET<\/a>\n\t\t\t\t\t\t<\/sr7-slide>\n\t\t\t\t\t\t<sr7-slide id=\"SR7_1_1-5\" data-key=\"5\">\n\t\t\t\t\t\t\t<sr7-txt id=\"SR7_1_1-5-1\" class=\"sr7-layer\">\u0130\u015e MAK\u0130NES\u0130  Last\u0130kler\u0130m\u0130z\u0130<\/sr7-txt>\n\t\t\t\t\t\t\t<a id=\"SR7_1_1-5-5\" class=\"sr7-layer\" href=\"\/urun\/is-makinesi-lastigi\/\" target=\"_self\">KE\u015eFET<\/a>\n\t\t\t\t\t\t<\/sr7-slide>\n\t\t\t\t\t\t<sr7-slide id=\"SR7_1_1-2\" data-key=\"2\">\n\t\t\t\t\t\t<\/sr7-slide>\n\t\t\t\t\t<\/sr7-content>\n\t\t\t\t\t<image_lists style=\"display:none\">\n\t\t\t\t\t\t<img data-src=\"\/\/www.mesalas.com.tr\/wp-content\/uploads\/2025\/09\/Rectangle-6-scaled.png\" data-libid=\"18\" data-lib=\"medialibrary\" title=\"Rectangle 6\" width=\"0\" height=\"0\" data-dbsrc=\"Ly93d3cubWVzYWxhcy5jb20udHIvd3AtY29udGVudC91cGxvYWRzLzIwMjUvMDkvUmVjdGFuZ2xlLTYtc2NhbGVkLnBuZw==\"\/>\n\t\t\t\t\t<\/image_lists>\n\t\t\t\t<\/sr7-module>\n\t\t\t\t<script>\n\t\t\t\t\tSR7.PMH ??={}; SR7.PMH[\"SR7_1_1\"] = {cn:100,state:false,fn: function() { if (_tpt!==undefined && _tpt.prepareModuleHeight !== undefined) {  _tpt.prepareModuleHeight({id:\"SR7_1_1\",el:[700,700,768,960,720],type:'standard',shdw:'0',gh:[700,700,578,439,271],gw:[1240,1240,1024,778,480],vpt:['-100px'],size:{fullWidth:true, fullHeight:false},mh:'0',onh:0,onw:0,bg:{color:'{\"orig\":\"transparent\",\"type\":\"solid\",\"string\":\"transparent\"}'}});   SR7.PMH[\"SR7_1_1\"].state=true;} else if(SR7.PMH[\"SR7_1_1\"].cn-->0)\tsetTimeout( SR7.PMH[\"SR7_1_1\"].fn,19);}};SR7.PMH[\"SR7_1_1\" ].fn();\n\t\t\t\t<\/script>\n[\/vc_column][\/vc_row][\/vc_section][vc_section css=&#8221;.vc_custom_1759780144753{padding-top: 100px !important;}&#8221;][vc_row el_class=&#8221;container&#8221;][vc_column css_animation=&#8221;bounceInLeft&#8221; width=&#8221;1\/4&#8243;][vc_single_image image=&#8221;554&#8243; img_size=&#8221;full&#8221; css=&#8221;&#8221;][\/vc_column][vc_column css_animation=&#8221;bounceInRight&#8221; width=&#8221;3\/4&#8243;][vc_custom_heading text=&#8221;Zirai Ara\u00e7 Lasti\u011fi&#8221; use_theme_fonts=&#8221;yes&#8221; css=&#8221;&#8221; el_class=&#8221;title-add-bottom-line&#8221;][vc_column_text css=&#8221;&#8221;]Tar\u0131msal faaliyetlerde maksimum \u00e7eki\u015f g\u00fcc\u00fc, sa\u011flaml\u0131k ve toprak dostu yap\u0131 sunan trakt\u00f6r lastiklerimiz, her t\u00fcrl\u00fc hava ve arazi ko\u015fulunda \u00fcst\u00fcn performans sergiler. Verimli tar\u0131m i\u00e7in ideal s\u00fcr\u00fc\u015f konforu ve dayan\u0131kl\u0131l\u0131k bir aradad\u0131r.<\/p>\n<p>Trakt\u00f6r lastikleri, farkl\u0131 zeminlerde optimum performans ve verimlilik i\u00e7in tasarlanm\u0131\u015ft\u0131r.[\/vc_column_text][\/vc_column][\/vc_row][\/vc_section][vc_section css=&#8221;.vc_custom_1759780144753{padding-top: 100px !important;}&#8221;][vc_row el_class=&#8221;container&#8221;][vc_column css_animation=&#8221;bounceInLeft&#8221; width=&#8221;1\/4&#8243;][vc_single_image image=&#8221;538&#8243; img_size=&#8221;full&#8221; css=&#8221;&#8221;][\/vc_column][vc_column css_animation=&#8221;bounceInRight&#8221; width=&#8221;3\/4&#8243;][vc_custom_heading text=&#8221;Forklift Lasti\u011fi&#8221; use_theme_fonts=&#8221;yes&#8221; css=&#8221;&#8221; el_class=&#8221;title-add-bottom-line&#8221;][vc_column_text css=&#8221;&#8221;]End\u00fcstriyel alanlarda a\u011f\u0131r y\u00fck alt\u0131ndaki performans\u0131 desteklemek \u00fczere geli\u015ftirilen haval\u0131 ve dolgu forklift lastiklerimiz , y\u00fcksek dayan\u0131kl\u0131l\u0131k ve uzun kullan\u0131m \u00f6mr\u00fc ile operasyonel verimlili\u011fi art\u0131r\u0131r.<\/p>\n<p>Stabilite ve g\u00fcvenlikten \u00f6d\u00fcn vermeyen yap\u0131lar\u0131yla, kesintisiz \u00e7al\u0131\u015fma imk\u00e2n\u0131 sunar. Zorlu ko\u015fullarda delinmelere kar\u015f\u0131 diren\u00e7li olan bu lastikler, bak\u0131m maliyetlerini d\u00fc\u015f\u00fcr\u00fcr.[\/vc_column_text][\/vc_column][\/vc_row][\/vc_section][vc_section css=&#8221;.vc_custom_1759780144753{padding-top: 100px !important;}&#8221;][vc_row el_class=&#8221;container&#8221;][vc_column css_animation=&#8221;bounceInLeft&#8221; width=&#8221;1\/4&#8243;][vc_single_image image=&#8221;514&#8243; img_size=&#8221;full&#8221; css=&#8221;&#8221;][\/vc_column][vc_column css_animation=&#8221;bounceInRight&#8221; width=&#8221;3\/4&#8243;][vc_custom_heading text=&#8221;\u0130\u015f Makinesi Lasti\u011fi&#8221; use_theme_fonts=&#8221;yes&#8221; css=&#8221;&#8221; el_class=&#8221;title-add-bottom-line&#8221;][vc_column_text css=&#8221;&#8221;]\u0130\u015f makinesi lastiklerimiz, a\u011f\u0131r y\u00fck alt\u0131nda ve t\u00fcm zorlu ko\u015fullarda \u00e7al\u0131\u015fan i\u015f makinalar\u0131 i\u00e7in \u00f6zel olarak \u00fcretilmi\u015f olup a\u015f\u0131nmaya, darbelere, kesilmelere ve delinmelere kar\u015f\u0131 y\u00fcksek diren\u00e7 g\u00f6sterir.<\/p>\n<p>Lastiklerimiz maksimum tutunma sa\u011flay\u0131p yo\u011fun \u00e7al\u0131\u015fma temposunda \u00fcst\u00fcn bir performans g\u00f6sterecek \u015fekilde tasarlanm\u0131\u015ft\u0131r. Mesalas i\u015f makinas\u0131 lastikleri i\u015finizde verimlili\u011finizi artt\u0131r\u0131p, i\u015f y\u00fck\u00fcn\u00fcz\u00fc hafifletecektir.[\/vc_column_text][\/vc_column][\/vc_row][\/vc_section]<\/p>\n<\/div>","protected":false},"excerpt":{"rendered":"[vc_section][vc_row][vc_column][\/vc_column][\/vc_row][\/vc_section][vc_section css=&#8221;.vc_custom_1759780144753{padding-top: 100px !important;}&#8221;][vc_row el_class=&#8221;container&#8221;][vc_column css_animation=&#8221;bounceInLeft&#8221; width=&#8221;1\/4&#8243;][vc_single_image image=&#8221;554&#8243; img_size=&#8221;full&#8221; css=&#8221;&#8221;][\/vc_column][vc_column css_animation=&#8221;bounceInRight&#8221; width=&#8221;3\/4&#8243;][vc_custom_heading text=&#8221;Zirai Ara\u00e7 Lasti\u011fi&#8221; use_theme_fonts=&#8221;yes&#8221; css=&#8221;&#8221; el_class=&#8221;title-add-bottom-line&#8221;][vc_column_text css=&#8221;&#8221;]Tar\u0131msal faaliyetlerde maksimum \u00e7eki\u015f g\u00fcc\u00fc, sa\u011flaml\u0131k ve toprak dostu yap\u0131 sunan trakt\u00f6r lastiklerimiz, her t\u00fcrl\u00fc hava ve arazi ko\u015fulunda \u00fcst\u00fcn performans sergiler. Verimli tar\u0131m i\u00e7in ideal s\u00fcr\u00fc\u015f konforu ve dayan\u0131kl\u0131l\u0131k bir aradad\u0131r. Trakt\u00f6r lastikleri, farkl\u0131 zeminlerde optimum&#8230; <a class=\"view-article\" href=\"https:\/\/www.mesalas.com.tr\/en\/products\/\">View Article<\/a>","protected":false},"author":1,"featured_media":0,"parent":0,"menu_order":0,"comment_status":"closed","ping_status":"closed","template":"","meta":{"_acf_changed":false,"footnotes":""},"class_list":["post-323","page","type-page","status-publish","hentry"],"acf":[],"_links":{"self":[{"href":"https:\/\/www.mesalas.com.tr\/en\/wp-json\/wp\/v2\/pages\/323","targetHints":{"allow":["GET"]}}],"collection":[{"href":"https:\/\/www.mesalas.com.tr\/en\/wp-json\/wp\/v2\/pages"}],"about":[{"href":"https:\/\/www.mesalas.com.tr\/en\/wp-json\/wp\/v2\/types\/page"}],"author":[{"embeddable":true,"href":"https:\/\/www.mesalas.com.tr\/en\/wp-json\/wp\/v2\/users\/1"}],"replies":[{"embeddable":true,"href":"https:\/\/www.mesalas.com.tr\/en\/wp-json\/wp\/v2\/comments?post=323"}],"version-history":[{"count":3,"href":"https:\/\/www.mesalas.com.tr\/en\/wp-json\/wp\/v2\/pages\/323\/revisions"}],"predecessor-version":[{"id":576,"href":"https:\/\/www.mesalas.com.tr\/en\/wp-json\/wp\/v2\/pages\/323\/revisions\/576"}],"wp:attachment":[{"href":"https:\/\/www.mesalas.com.tr\/en\/wp-json\/wp\/v2\/media?parent=323"}],"curies":[{"name":"wp","href":"https:\/\/api.w.org\/{rel}","templated":true}]}}